{"id":22812,"date":"2016-12-13T10:07:19","date_gmt":"2016-12-13T09:07:19","guid":{"rendered":"https:\/\/www.at-fluidsolutions.com\/contacts\/"},"modified":"2025-10-17T09:21:27","modified_gmt":"2025-10-17T07:21:27","slug":"contacts","status":"publish","type":"page","link":"https:\/\/www.at-fluidsolutions.com\/fr\/contacts\/","title":{"rendered":"Contacts"},"content":{"rendered":"<h1>Nos<br \/>\ncontacts<\/h1>\n<p>Appelez-nous ou \u00e9crivez-nous pour plus d\u2019informations<\/p>\n","protected":false},"excerpt":{"rendered":"<p>Nos contacts Appelez-nous ou \u00e9crivez-nous pour plus d\u2019informations<\/p>\n","protected":false},"author":1,"featured_media":0,"parent":0,"menu_order":8,"comment_status":"closed","ping_status":"closed","template":"page-contatti.php","meta":{"_acf_changed":false,"footnotes":""},"class_list":["post-22812","page","type-page","status-publish","hentry"],"acf":[],"yoast_head":"<!-- This site is optimized with the Yoast SEO plugin v27.4 - https:\/\/yoast.com\/product\/yoast-seo-wordpress\/ -->\n<title>Contacts - A&amp;T Fluid Solutions<\/title>\n<meta name=\"robots\" content=\"index, follow, max-snippet:-1, max-image-preview:large, max-video-preview:-1\" \/>\n<link rel=\"canonical\" href=\"https:\/\/www.at-fluidsolutions.com\/fr\/contacts\/\" \/>\n<meta property=\"og:locale\" content=\"fr_FR\" \/>\n<meta property=\"og:type\" content=\"article\" \/>\n<meta property=\"og:title\" content=\"Contacts - A&amp;T Fluid Solutions\" \/>\n<meta property=\"og:description\" content=\"Nos contacts Appelez-nous ou \u00e9crivez-nous pour plus d\u2019informations\" \/>\n<meta property=\"og:url\" content=\"https:\/\/www.at-fluidsolutions.com\/fr\/contacts\/\" \/>\n<meta property=\"og:site_name\" content=\"A&amp;T Fluid Solutions\" \/>\n<meta property=\"article:publisher\" content=\"https:\/\/www.linkedin.com\/company\/airwork-pneumatic-equipment-srl\/\" \/>\n<meta property=\"article:modified_time\" content=\"2025-10-17T07:21:27+00:00\" \/>\n<meta name=\"twitter:card\" content=\"summary_large_image\" \/>\n<meta name=\"twitter:label1\" content=\"Dur\u00e9e de lecture estim\u00e9e\" \/>\n\t<meta name=\"twitter:data1\" content=\"1 minute\" \/>\n<script type=\"application\/ld+json\" class=\"yoast-schema-graph\">{\"@context\":\"https:\\\/\\\/schema.org\",\"@graph\":[{\"@type\":\"WebPage\",\"@id\":\"https:\\\/\\\/www.at-fluidsolutions.com\\\/fr\\\/contacts\\\/\",\"url\":\"https:\\\/\\\/www.at-fluidsolutions.com\\\/fr\\\/contacts\\\/\",\"name\":\"Contacts - A&amp;T Fluid Solutions\",\"isPartOf\":{\"@id\":\"https:\\\/\\\/www.at-fluidsolutions.com\\\/fr\\\/#website\"},\"datePublished\":\"2016-12-13T09:07:19+00:00\",\"dateModified\":\"2025-10-17T07:21:27+00:00\",\"breadcrumb\":{\"@id\":\"https:\\\/\\\/www.at-fluidsolutions.com\\\/fr\\\/contacts\\\/#breadcrumb\"},\"inLanguage\":\"fr-FR\",\"potentialAction\":[{\"@type\":\"ReadAction\",\"target\":[\"https:\\\/\\\/www.at-fluidsolutions.com\\\/fr\\\/contacts\\\/\"]}]},{\"@type\":\"BreadcrumbList\",\"@id\":\"https:\\\/\\\/www.at-fluidsolutions.com\\\/fr\\\/contacts\\\/#breadcrumb\",\"itemListElement\":[{\"@type\":\"ListItem\",\"position\":1,\"name\":\"Home\",\"item\":\"https:\\\/\\\/www.at-fluidsolutions.com\\\/fr\\\/\"},{\"@type\":\"ListItem\",\"position\":2,\"name\":\"Contacts\"}]},{\"@type\":\"WebSite\",\"@id\":\"https:\\\/\\\/www.at-fluidsolutions.com\\\/fr\\\/#website\",\"url\":\"https:\\\/\\\/www.at-fluidsolutions.com\\\/fr\\\/\",\"name\":\"A&T Fluid Solutions\",\"description\":\"V\u00e9rins pneumatiques, el\u00e9ctrovannes, conditionnement de l'air comprim\u00e9\",\"potentialAction\":[{\"@type\":\"SearchAction\",\"target\":{\"@type\":\"EntryPoint\",\"urlTemplate\":\"https:\\\/\\\/www.at-fluidsolutions.com\\\/fr\\\/?s={search_term_string}\"},\"query-input\":{\"@type\":\"PropertyValueSpecification\",\"valueRequired\":true,\"valueName\":\"search_term_string\"}}],\"inLanguage\":\"fr-FR\"}]}<\/script>\n<!-- \/ Yoast SEO plugin. -->","yoast_head_json":{"title":"Contacts - A&amp;T Fluid Solutions","robots":{"index":"index","follow":"follow","max-snippet":"max-snippet:-1","max-image-preview":"max-image-preview:large","max-video-preview":"max-video-preview:-1"},"canonical":"https:\/\/www.at-fluidsolutions.com\/fr\/contacts\/","og_locale":"fr_FR","og_type":"article","og_title":"Contacts - A&amp;T Fluid Solutions","og_description":"Nos contacts Appelez-nous ou \u00e9crivez-nous pour plus d\u2019informations","og_url":"https:\/\/www.at-fluidsolutions.com\/fr\/contacts\/","og_site_name":"A&amp;T Fluid Solutions","article_publisher":"https:\/\/www.linkedin.com\/company\/airwork-pneumatic-equipment-srl\/","article_modified_time":"2025-10-17T07:21:27+00:00","twitter_card":"summary_large_image","twitter_misc":{"Dur\u00e9e de lecture estim\u00e9e":"1 minute"},"schema":{"@context":"https:\/\/schema.org","@graph":[{"@type":"WebPage","@id":"https:\/\/www.at-fluidsolutions.com\/fr\/contacts\/","url":"https:\/\/www.at-fluidsolutions.com\/fr\/contacts\/","name":"Contacts - A&amp;T Fluid Solutions","isPartOf":{"@id":"https:\/\/www.at-fluidsolutions.com\/fr\/#website"},"datePublished":"2016-12-13T09:07:19+00:00","dateModified":"2025-10-17T07:21:27+00:00","breadcrumb":{"@id":"https:\/\/www.at-fluidsolutions.com\/fr\/contacts\/#breadcrumb"},"inLanguage":"fr-FR","potentialAction":[{"@type":"ReadAction","target":["https:\/\/www.at-fluidsolutions.com\/fr\/contacts\/"]}]},{"@type":"BreadcrumbList","@id":"https:\/\/www.at-fluidsolutions.com\/fr\/contacts\/#breadcrumb","itemListElement":[{"@type":"ListItem","position":1,"name":"Home","item":"https:\/\/www.at-fluidsolutions.com\/fr\/"},{"@type":"ListItem","position":2,"name":"Contacts"}]},{"@type":"WebSite","@id":"https:\/\/www.at-fluidsolutions.com\/fr\/#website","url":"https:\/\/www.at-fluidsolutions.com\/fr\/","name":"A&T Fluid Solutions","description":"V\u00e9rins pneumatiques, el\u00e9ctrovannes, conditionnement de l'air comprim\u00e9","potentialAction":[{"@type":"SearchAction","target":{"@type":"EntryPoint","urlTemplate":"https:\/\/www.at-fluidsolutions.com\/fr\/?s={search_term_string}"},"query-input":{"@type":"PropertyValueSpecification","valueRequired":true,"valueName":"search_term_string"}}],"inLanguage":"fr-FR"}]}},"_links":{"self":[{"href":"https:\/\/www.at-fluidsolutions.com\/fr\/wp-json\/wp\/v2\/pages\/22812","targetHints":{"allow":["GET"]}}],"collection":[{"href":"https:\/\/www.at-fluidsolutions.com\/fr\/wp-json\/wp\/v2\/pages"}],"about":[{"href":"https:\/\/www.at-fluidsolutions.com\/fr\/wp-json\/wp\/v2\/types\/page"}],"author":[{"embeddable":true,"href":"https:\/\/www.at-fluidsolutions.com\/fr\/wp-json\/wp\/v2\/users\/1"}],"replies":[{"embeddable":true,"href":"https:\/\/www.at-fluidsolutions.com\/fr\/wp-json\/wp\/v2\/comments?post=22812"}],"version-history":[{"count":17,"href":"https:\/\/www.at-fluidsolutions.com\/fr\/wp-json\/wp\/v2\/pages\/22812\/revisions"}],"predecessor-version":[{"id":32158,"href":"https:\/\/www.at-fluidsolutions.com\/fr\/wp-json\/wp\/v2\/pages\/22812\/revisions\/32158"}],"wp:attachment":[{"href":"https:\/\/www.at-fluidsolutions.com\/fr\/wp-json\/wp\/v2\/media?parent=22812"}],"curies":[{"name":"wp","href":"https:\/\/api.w.org\/{rel}","templated":true}]}}