{"id":31522,"date":"2025-02-26T12:53:09","date_gmt":"2025-02-26T11:53:09","guid":{"rendered":"https:\/\/www.at-fluidsolutions.com\/prodotti-speciali-oleodinamica\/"},"modified":"2025-03-19T10:16:42","modified_gmt":"2025-03-19T09:16:42","slug":"productos-especiales-oleodinamica","status":"publish","type":"page","link":"https:\/\/www.at-fluidsolutions.com\/es\/productos-especiales-oleodinamica\/","title":{"rendered":"Productos Especiales &#8211; Oleodin\u00e1mica"},"content":{"rendered":"<h1>Ejemplos de productos especiales<\/h1>\n","protected":false},"excerpt":{"rendered":"<p>Ejemplos de productos especiales<\/p>\n","protected":false},"author":1,"featured_media":31233,"parent":0,"menu_order":0,"comment_status":"closed","ping_status":"closed","template":"page-prodotti-speciali-oleo.php","meta":{"_acf_changed":false,"footnotes":""},"class_list":["post-31522","page","type-page","status-publish","has-post-thumbnail","hentry"],"acf":[],"yoast_head":"<!-- This site is optimized with the Yoast SEO plugin v27.5 - https:\/\/yoast.com\/product\/yoast-seo-wordpress\/ -->\n<title>Productos Especiales - Oleodin\u00e1mica - A&amp;T Fluid Solutions<\/title>\n<meta name=\"robots\" content=\"index, follow, max-snippet:-1, max-image-preview:large, max-video-preview:-1\" \/>\n<link rel=\"canonical\" href=\"https:\/\/www.at-fluidsolutions.com\/es\/productos-especiales-oleodinamica\/\" \/>\n<meta property=\"og:locale\" content=\"es_ES\" \/>\n<meta property=\"og:type\" content=\"article\" \/>\n<meta property=\"og:title\" content=\"Productos Especiales - Oleodin\u00e1mica - A&amp;T Fluid Solutions\" \/>\n<meta property=\"og:description\" content=\"Ejemplos de productos especiales\" \/>\n<meta property=\"og:url\" content=\"https:\/\/www.at-fluidsolutions.com\/es\/productos-especiales-oleodinamica\/\" \/>\n<meta property=\"og:site_name\" content=\"A&amp;T Fluid Solutions\" \/>\n<meta property=\"article:publisher\" content=\"https:\/\/www.linkedin.com\/company\/airwork-pneumatic-equipment-srl\/\" \/>\n<meta property=\"article:modified_time\" content=\"2025-03-19T09:16:42+00:00\" \/>\n<meta property=\"og:image\" content=\"https:\/\/www.at-fluidsolutions.com\/wp-content\/uploads\/2025\/03\/prodotti-speciali-composizione.webp\" \/>\n\t<meta property=\"og:image:width\" content=\"2000\" \/>\n\t<meta property=\"og:image:height\" content=\"1125\" \/>\n\t<meta property=\"og:image:type\" content=\"image\/webp\" \/>\n<meta name=\"twitter:card\" content=\"summary_large_image\" \/>\n<script type=\"application\/ld+json\" class=\"yoast-schema-graph\">{\"@context\":\"https:\\\/\\\/schema.org\",\"@graph\":[{\"@type\":\"WebPage\",\"@id\":\"https:\\\/\\\/www.at-fluidsolutions.com\\\/es\\\/productos-especiales-oleodinamica\\\/\",\"url\":\"https:\\\/\\\/www.at-fluidsolutions.com\\\/es\\\/productos-especiales-oleodinamica\\\/\",\"name\":\"Productos Especiales - Oleodin\u00e1mica - A&amp;T Fluid Solutions\",\"isPartOf\":{\"@id\":\"https:\\\/\\\/www.at-fluidsolutions.com\\\/es\\\/#website\"},\"primaryImageOfPage\":{\"@id\":\"https:\\\/\\\/www.at-fluidsolutions.com\\\/es\\\/productos-especiales-oleodinamica\\\/#primaryimage\"},\"image\":{\"@id\":\"https:\\\/\\\/www.at-fluidsolutions.com\\\/es\\\/productos-especiales-oleodinamica\\\/#primaryimage\"},\"thumbnailUrl\":\"https:\\\/\\\/www.at-fluidsolutions.com\\\/wp-content\\\/uploads\\\/2025\\\/03\\\/prodotti-speciali-composizione.webp\",\"datePublished\":\"2025-02-26T11:53:09+00:00\",\"dateModified\":\"2025-03-19T09:16:42+00:00\",\"breadcrumb\":{\"@id\":\"https:\\\/\\\/www.at-fluidsolutions.com\\\/es\\\/productos-especiales-oleodinamica\\\/#breadcrumb\"},\"inLanguage\":\"es\",\"potentialAction\":[{\"@type\":\"ReadAction\",\"target\":[\"https:\\\/\\\/www.at-fluidsolutions.com\\\/es\\\/productos-especiales-oleodinamica\\\/\"]}]},{\"@type\":\"ImageObject\",\"inLanguage\":\"es\",\"@id\":\"https:\\\/\\\/www.at-fluidsolutions.com\\\/es\\\/productos-especiales-oleodinamica\\\/#primaryimage\",\"url\":\"https:\\\/\\\/www.at-fluidsolutions.com\\\/wp-content\\\/uploads\\\/2025\\\/03\\\/prodotti-speciali-composizione.webp\",\"contentUrl\":\"https:\\\/\\\/www.at-fluidsolutions.com\\\/wp-content\\\/uploads\\\/2025\\\/03\\\/prodotti-speciali-composizione.webp\",\"width\":2000,\"height\":1125},{\"@type\":\"BreadcrumbList\",\"@id\":\"https:\\\/\\\/www.at-fluidsolutions.com\\\/es\\\/productos-especiales-oleodinamica\\\/#breadcrumb\",\"itemListElement\":[{\"@type\":\"ListItem\",\"position\":1,\"name\":\"Home\",\"item\":\"https:\\\/\\\/www.at-fluidsolutions.com\\\/es\\\/\"},{\"@type\":\"ListItem\",\"position\":2,\"name\":\"Productos Especiales &#8211; Oleodin\u00e1mica\"}]},{\"@type\":\"WebSite\",\"@id\":\"https:\\\/\\\/www.at-fluidsolutions.com\\\/es\\\/#website\",\"url\":\"https:\\\/\\\/www.at-fluidsolutions.com\\\/es\\\/\",\"name\":\"A&T Fluid Solutions\",\"description\":\"Cilindros neum\u00e1ticos, V\u00e1lvulas, Preparaci\u00f3n del aire comprimido\",\"potentialAction\":[{\"@type\":\"SearchAction\",\"target\":{\"@type\":\"EntryPoint\",\"urlTemplate\":\"https:\\\/\\\/www.at-fluidsolutions.com\\\/es\\\/?s={search_term_string}\"},\"query-input\":{\"@type\":\"PropertyValueSpecification\",\"valueRequired\":true,\"valueName\":\"search_term_string\"}}],\"inLanguage\":\"es\"}]}<\/script>\n<!-- \/ Yoast SEO plugin. -->","yoast_head_json":{"title":"Productos Especiales - Oleodin\u00e1mica - A&amp;T Fluid Solutions","robots":{"index":"index","follow":"follow","max-snippet":"max-snippet:-1","max-image-preview":"max-image-preview:large","max-video-preview":"max-video-preview:-1"},"canonical":"https:\/\/www.at-fluidsolutions.com\/es\/productos-especiales-oleodinamica\/","og_locale":"es_ES","og_type":"article","og_title":"Productos Especiales - Oleodin\u00e1mica - A&amp;T Fluid Solutions","og_description":"Ejemplos de productos especiales","og_url":"https:\/\/www.at-fluidsolutions.com\/es\/productos-especiales-oleodinamica\/","og_site_name":"A&amp;T Fluid Solutions","article_publisher":"https:\/\/www.linkedin.com\/company\/airwork-pneumatic-equipment-srl\/","article_modified_time":"2025-03-19T09:16:42+00:00","og_image":[{"width":2000,"height":1125,"url":"https:\/\/www.at-fluidsolutions.com\/wp-content\/uploads\/2025\/03\/prodotti-speciali-composizione.webp","type":"image\/webp"}],"twitter_card":"summary_large_image","schema":{"@context":"https:\/\/schema.org","@graph":[{"@type":"WebPage","@id":"https:\/\/www.at-fluidsolutions.com\/es\/productos-especiales-oleodinamica\/","url":"https:\/\/www.at-fluidsolutions.com\/es\/productos-especiales-oleodinamica\/","name":"Productos Especiales - Oleodin\u00e1mica - A&amp;T Fluid Solutions","isPartOf":{"@id":"https:\/\/www.at-fluidsolutions.com\/es\/#website"},"primaryImageOfPage":{"@id":"https:\/\/www.at-fluidsolutions.com\/es\/productos-especiales-oleodinamica\/#primaryimage"},"image":{"@id":"https:\/\/www.at-fluidsolutions.com\/es\/productos-especiales-oleodinamica\/#primaryimage"},"thumbnailUrl":"https:\/\/www.at-fluidsolutions.com\/wp-content\/uploads\/2025\/03\/prodotti-speciali-composizione.webp","datePublished":"2025-02-26T11:53:09+00:00","dateModified":"2025-03-19T09:16:42+00:00","breadcrumb":{"@id":"https:\/\/www.at-fluidsolutions.com\/es\/productos-especiales-oleodinamica\/#breadcrumb"},"inLanguage":"es","potentialAction":[{"@type":"ReadAction","target":["https:\/\/www.at-fluidsolutions.com\/es\/productos-especiales-oleodinamica\/"]}]},{"@type":"ImageObject","inLanguage":"es","@id":"https:\/\/www.at-fluidsolutions.com\/es\/productos-especiales-oleodinamica\/#primaryimage","url":"https:\/\/www.at-fluidsolutions.com\/wp-content\/uploads\/2025\/03\/prodotti-speciali-composizione.webp","contentUrl":"https:\/\/www.at-fluidsolutions.com\/wp-content\/uploads\/2025\/03\/prodotti-speciali-composizione.webp","width":2000,"height":1125},{"@type":"BreadcrumbList","@id":"https:\/\/www.at-fluidsolutions.com\/es\/productos-especiales-oleodinamica\/#breadcrumb","itemListElement":[{"@type":"ListItem","position":1,"name":"Home","item":"https:\/\/www.at-fluidsolutions.com\/es\/"},{"@type":"ListItem","position":2,"name":"Productos Especiales &#8211; Oleodin\u00e1mica"}]},{"@type":"WebSite","@id":"https:\/\/www.at-fluidsolutions.com\/es\/#website","url":"https:\/\/www.at-fluidsolutions.com\/es\/","name":"A&T Fluid Solutions","description":"Cilindros neum\u00e1ticos, V\u00e1lvulas, Preparaci\u00f3n del aire comprimido","potentialAction":[{"@type":"SearchAction","target":{"@type":"EntryPoint","urlTemplate":"https:\/\/www.at-fluidsolutions.com\/es\/?s={search_term_string}"},"query-input":{"@type":"PropertyValueSpecification","valueRequired":true,"valueName":"search_term_string"}}],"inLanguage":"es"}]}},"_links":{"self":[{"href":"https:\/\/www.at-fluidsolutions.com\/es\/wp-json\/wp\/v2\/pages\/31522","targetHints":{"allow":["GET"]}}],"collection":[{"href":"https:\/\/www.at-fluidsolutions.com\/es\/wp-json\/wp\/v2\/pages"}],"about":[{"href":"https:\/\/www.at-fluidsolutions.com\/es\/wp-json\/wp\/v2\/types\/page"}],"author":[{"embeddable":true,"href":"https:\/\/www.at-fluidsolutions.com\/es\/wp-json\/wp\/v2\/users\/1"}],"replies":[{"embeddable":true,"href":"https:\/\/www.at-fluidsolutions.com\/es\/wp-json\/wp\/v2\/comments?post=31522"}],"version-history":[{"count":2,"href":"https:\/\/www.at-fluidsolutions.com\/es\/wp-json\/wp\/v2\/pages\/31522\/revisions"}],"predecessor-version":[{"id":31603,"href":"https:\/\/www.at-fluidsolutions.com\/es\/wp-json\/wp\/v2\/pages\/31522\/revisions\/31603"}],"wp:featuredmedia":[{"embeddable":true,"href":"https:\/\/www.at-fluidsolutions.com\/es\/wp-json\/wp\/v2\/media\/31233"}],"wp:attachment":[{"href":"https:\/\/www.at-fluidsolutions.com\/es\/wp-json\/wp\/v2\/media?parent=31522"}],"curies":[{"name":"wp","href":"https:\/\/api.w.org\/{rel}","templated":true}]}}