{"id":22752,"date":"2016-12-13T10:07:02","date_gmt":"2016-12-13T09:07:02","guid":{"rendered":"https:\/\/www.at-fluidsolutions.com\/empresa\/"},"modified":"2026-03-06T15:23:32","modified_gmt":"2026-03-06T14:23:32","slug":"empresa","status":"publish","type":"page","link":"https:\/\/www.at-fluidsolutions.com\/es\/empresa\/","title":{"rendered":"Empresa"},"content":{"rendered":"<h1>A&amp;T Fluid Solutions<\/h1>\n<h2 class=\"p\">Nuestra empresa: <br \/>\ncalidad Made in Italy para la Automatizaci\u00f3n Industrial<\/h2>\n","protected":false},"excerpt":{"rendered":"<p>A&amp;T Fluid Solutions Nuestra empresa: calidad Made in Italy para la Automatizaci\u00f3n Industrial<\/p>\n","protected":false},"author":1,"featured_media":31889,"parent":0,"menu_order":1,"comment_status":"closed","ping_status":"closed","template":"page-azienda.php","meta":{"_acf_changed":false,"footnotes":""},"class_list":["post-22752","page","type-page","status-publish","has-post-thumbnail","hentry"],"acf":[],"yoast_head":"<!-- This site is optimized with the Yoast SEO plugin v27.4 - https:\/\/yoast.com\/product\/yoast-seo-wordpress\/ -->\n<title>Airwork y Tecnofluid se convierten en A&amp;T Fluid Solutions srl<\/title>\n<meta name=\"description\" content=\"A&amp;T Fluid Solutions une a Airwork y Tecnofluid para ofrecer soluciones integradas de neum\u00e1tica e hidr\u00e1ulica para la automatizaci\u00f3n industrial.\" \/>\n<meta name=\"robots\" content=\"index, follow, max-snippet:-1, max-image-preview:large, max-video-preview:-1\" \/>\n<link rel=\"canonical\" href=\"https:\/\/www.at-fluidsolutions.com\/es\/empresa\/\" \/>\n<meta property=\"og:locale\" content=\"es_ES\" \/>\n<meta property=\"og:type\" content=\"article\" \/>\n<meta property=\"og:title\" content=\"Airwork y Tecnofluid se convierten en A&amp;T Fluid Solutions srl\" \/>\n<meta property=\"og:description\" content=\"A&amp;T Fluid Solutions une a Airwork y Tecnofluid para ofrecer soluciones integradas de neum\u00e1tica e hidr\u00e1ulica para la automatizaci\u00f3n industrial.\" \/>\n<meta property=\"og:url\" content=\"https:\/\/www.at-fluidsolutions.com\/es\/empresa\/\" \/>\n<meta property=\"og:site_name\" content=\"A&amp;T Fluid Solutions\" \/>\n<meta property=\"article:publisher\" content=\"https:\/\/www.linkedin.com\/company\/airwork-pneumatic-equipment-srl\/\" \/>\n<meta property=\"article:modified_time\" content=\"2026-03-06T14:23:32+00:00\" \/>\n<meta property=\"og:image\" content=\"https:\/\/www.at-fluidsolutions.com\/wp-content\/uploads\/2025\/04\/airwork-la-nostra-azienda.webp\" \/>\n\t<meta property=\"og:image:width\" content=\"1920\" \/>\n\t<meta property=\"og:image:height\" content=\"1079\" \/>\n\t<meta property=\"og:image:type\" content=\"image\/webp\" \/>\n<meta name=\"twitter:card\" content=\"summary_large_image\" \/>\n<meta name=\"twitter:label1\" content=\"Tiempo de lectura\" \/>\n\t<meta name=\"twitter:data1\" content=\"1 minuto\" \/>\n<script type=\"application\/ld+json\" class=\"yoast-schema-graph\">{\"@context\":\"https:\\\/\\\/schema.org\",\"@graph\":[{\"@type\":\"WebPage\",\"@id\":\"https:\\\/\\\/www.at-fluidsolutions.com\\\/es\\\/empresa\\\/\",\"url\":\"https:\\\/\\\/www.at-fluidsolutions.com\\\/es\\\/empresa\\\/\",\"name\":\"Airwork y Tecnofluid se convierten en A&T Fluid Solutions srl\",\"isPartOf\":{\"@id\":\"https:\\\/\\\/www.at-fluidsolutions.com\\\/es\\\/#website\"},\"primaryImageOfPage\":{\"@id\":\"https:\\\/\\\/www.at-fluidsolutions.com\\\/es\\\/empresa\\\/#primaryimage\"},\"image\":{\"@id\":\"https:\\\/\\\/www.at-fluidsolutions.com\\\/es\\\/empresa\\\/#primaryimage\"},\"thumbnailUrl\":\"https:\\\/\\\/www.at-fluidsolutions.com\\\/wp-content\\\/uploads\\\/2025\\\/04\\\/airwork-la-nostra-azienda.webp\",\"datePublished\":\"2016-12-13T09:07:02+00:00\",\"dateModified\":\"2026-03-06T14:23:32+00:00\",\"description\":\"A&T Fluid Solutions une a Airwork y Tecnofluid para ofrecer soluciones integradas de neum\u00e1tica e hidr\u00e1ulica para la automatizaci\u00f3n industrial.\",\"breadcrumb\":{\"@id\":\"https:\\\/\\\/www.at-fluidsolutions.com\\\/es\\\/empresa\\\/#breadcrumb\"},\"inLanguage\":\"es\",\"potentialAction\":[{\"@type\":\"ReadAction\",\"target\":[\"https:\\\/\\\/www.at-fluidsolutions.com\\\/es\\\/empresa\\\/\"]}]},{\"@type\":\"ImageObject\",\"inLanguage\":\"es\",\"@id\":\"https:\\\/\\\/www.at-fluidsolutions.com\\\/es\\\/empresa\\\/#primaryimage\",\"url\":\"https:\\\/\\\/www.at-fluidsolutions.com\\\/wp-content\\\/uploads\\\/2025\\\/04\\\/airwork-la-nostra-azienda.webp\",\"contentUrl\":\"https:\\\/\\\/www.at-fluidsolutions.com\\\/wp-content\\\/uploads\\\/2025\\\/04\\\/airwork-la-nostra-azienda.webp\",\"width\":1920,\"height\":1079,\"caption\":\"La sede di A&T Fluid Solutions srl (ex Airwork e Tecnofluid)\"},{\"@type\":\"BreadcrumbList\",\"@id\":\"https:\\\/\\\/www.at-fluidsolutions.com\\\/es\\\/empresa\\\/#breadcrumb\",\"itemListElement\":[{\"@type\":\"ListItem\",\"position\":1,\"name\":\"Home\",\"item\":\"https:\\\/\\\/www.at-fluidsolutions.com\\\/es\\\/\"},{\"@type\":\"ListItem\",\"position\":2,\"name\":\"Empresa\"}]},{\"@type\":\"WebSite\",\"@id\":\"https:\\\/\\\/www.at-fluidsolutions.com\\\/es\\\/#website\",\"url\":\"https:\\\/\\\/www.at-fluidsolutions.com\\\/es\\\/\",\"name\":\"A&T Fluid Solutions\",\"description\":\"Cilindros neum\u00e1ticos, V\u00e1lvulas, Preparaci\u00f3n del aire comprimido\",\"potentialAction\":[{\"@type\":\"SearchAction\",\"target\":{\"@type\":\"EntryPoint\",\"urlTemplate\":\"https:\\\/\\\/www.at-fluidsolutions.com\\\/es\\\/?s={search_term_string}\"},\"query-input\":{\"@type\":\"PropertyValueSpecification\",\"valueRequired\":true,\"valueName\":\"search_term_string\"}}],\"inLanguage\":\"es\"}]}<\/script>\n<!-- \/ Yoast SEO plugin. -->","yoast_head_json":{"title":"Airwork y Tecnofluid se convierten en A&T Fluid Solutions srl","description":"A&T Fluid Solutions une a Airwork y Tecnofluid para ofrecer soluciones integradas de neum\u00e1tica e hidr\u00e1ulica para la automatizaci\u00f3n industrial.","robots":{"index":"index","follow":"follow","max-snippet":"max-snippet:-1","max-image-preview":"max-image-preview:large","max-video-preview":"max-video-preview:-1"},"canonical":"https:\/\/www.at-fluidsolutions.com\/es\/empresa\/","og_locale":"es_ES","og_type":"article","og_title":"Airwork y Tecnofluid se convierten en A&T Fluid Solutions srl","og_description":"A&T Fluid Solutions une a Airwork y Tecnofluid para ofrecer soluciones integradas de neum\u00e1tica e hidr\u00e1ulica para la automatizaci\u00f3n industrial.","og_url":"https:\/\/www.at-fluidsolutions.com\/es\/empresa\/","og_site_name":"A&amp;T Fluid Solutions","article_publisher":"https:\/\/www.linkedin.com\/company\/airwork-pneumatic-equipment-srl\/","article_modified_time":"2026-03-06T14:23:32+00:00","og_image":[{"width":1920,"height":1079,"url":"https:\/\/www.at-fluidsolutions.com\/wp-content\/uploads\/2025\/04\/airwork-la-nostra-azienda.webp","type":"image\/webp"}],"twitter_card":"summary_large_image","twitter_misc":{"Tiempo de lectura":"1 minuto"},"schema":{"@context":"https:\/\/schema.org","@graph":[{"@type":"WebPage","@id":"https:\/\/www.at-fluidsolutions.com\/es\/empresa\/","url":"https:\/\/www.at-fluidsolutions.com\/es\/empresa\/","name":"Airwork y Tecnofluid se convierten en A&T Fluid Solutions srl","isPartOf":{"@id":"https:\/\/www.at-fluidsolutions.com\/es\/#website"},"primaryImageOfPage":{"@id":"https:\/\/www.at-fluidsolutions.com\/es\/empresa\/#primaryimage"},"image":{"@id":"https:\/\/www.at-fluidsolutions.com\/es\/empresa\/#primaryimage"},"thumbnailUrl":"https:\/\/www.at-fluidsolutions.com\/wp-content\/uploads\/2025\/04\/airwork-la-nostra-azienda.webp","datePublished":"2016-12-13T09:07:02+00:00","dateModified":"2026-03-06T14:23:32+00:00","description":"A&T Fluid Solutions une a Airwork y Tecnofluid para ofrecer soluciones integradas de neum\u00e1tica e hidr\u00e1ulica para la automatizaci\u00f3n industrial.","breadcrumb":{"@id":"https:\/\/www.at-fluidsolutions.com\/es\/empresa\/#breadcrumb"},"inLanguage":"es","potentialAction":[{"@type":"ReadAction","target":["https:\/\/www.at-fluidsolutions.com\/es\/empresa\/"]}]},{"@type":"ImageObject","inLanguage":"es","@id":"https:\/\/www.at-fluidsolutions.com\/es\/empresa\/#primaryimage","url":"https:\/\/www.at-fluidsolutions.com\/wp-content\/uploads\/2025\/04\/airwork-la-nostra-azienda.webp","contentUrl":"https:\/\/www.at-fluidsolutions.com\/wp-content\/uploads\/2025\/04\/airwork-la-nostra-azienda.webp","width":1920,"height":1079,"caption":"La sede di A&T Fluid Solutions srl (ex Airwork e Tecnofluid)"},{"@type":"BreadcrumbList","@id":"https:\/\/www.at-fluidsolutions.com\/es\/empresa\/#breadcrumb","itemListElement":[{"@type":"ListItem","position":1,"name":"Home","item":"https:\/\/www.at-fluidsolutions.com\/es\/"},{"@type":"ListItem","position":2,"name":"Empresa"}]},{"@type":"WebSite","@id":"https:\/\/www.at-fluidsolutions.com\/es\/#website","url":"https:\/\/www.at-fluidsolutions.com\/es\/","name":"A&T Fluid Solutions","description":"Cilindros neum\u00e1ticos, V\u00e1lvulas, Preparaci\u00f3n del aire comprimido","potentialAction":[{"@type":"SearchAction","target":{"@type":"EntryPoint","urlTemplate":"https:\/\/www.at-fluidsolutions.com\/es\/?s={search_term_string}"},"query-input":{"@type":"PropertyValueSpecification","valueRequired":true,"valueName":"search_term_string"}}],"inLanguage":"es"}]}},"_links":{"self":[{"href":"https:\/\/www.at-fluidsolutions.com\/es\/wp-json\/wp\/v2\/pages\/22752","targetHints":{"allow":["GET"]}}],"collection":[{"href":"https:\/\/www.at-fluidsolutions.com\/es\/wp-json\/wp\/v2\/pages"}],"about":[{"href":"https:\/\/www.at-fluidsolutions.com\/es\/wp-json\/wp\/v2\/types\/page"}],"author":[{"embeddable":true,"href":"https:\/\/www.at-fluidsolutions.com\/es\/wp-json\/wp\/v2\/users\/1"}],"replies":[{"embeddable":true,"href":"https:\/\/www.at-fluidsolutions.com\/es\/wp-json\/wp\/v2\/comments?post=22752"}],"version-history":[{"count":12,"href":"https:\/\/www.at-fluidsolutions.com\/es\/wp-json\/wp\/v2\/pages\/22752\/revisions"}],"predecessor-version":[{"id":32333,"href":"https:\/\/www.at-fluidsolutions.com\/es\/wp-json\/wp\/v2\/pages\/22752\/revisions\/32333"}],"wp:featuredmedia":[{"embeddable":true,"href":"https:\/\/www.at-fluidsolutions.com\/es\/wp-json\/wp\/v2\/media\/31889"}],"wp:attachment":[{"href":"https:\/\/www.at-fluidsolutions.com\/es\/wp-json\/wp\/v2\/media?parent=22752"}],"curies":[{"name":"wp","href":"https:\/\/api.w.org\/{rel}","templated":true}]}}